{"id":170,"date":"2025-01-16T16:02:31","date_gmt":"2025-01-16T16:02:31","guid":{"rendered":"https:\/\/www.voedjevuur.nl\/?page_id=170"},"modified":"2025-04-10T06:24:27","modified_gmt":"2025-04-10T06:24:27","slug":"algemene-voorwaarden","status":"publish","type":"page","link":"https:\/\/www.voedjevuur.nl\/index.php\/algemene-voorwaarden\/","title":{"rendered":"Algemene voorwaarden"},"content":{"rendered":"\n<p><strong>Algemene Voorwaarden praktijk Voed je Vuur<\/strong><\/p>\n\n\n\n<p><strong>Artikel 1. Definities<\/strong><\/p>\n\n\n\n<p>Om alles zo goed, veilig en professioneel mogelijk te laten verlopen hanteren we een aantal algemene voorwaarden.<\/p>\n\n\n\n<p>De volgende tekst is behoorlijk formeel maar nodig om mijn positie als therapeut veilig te stellen. Na het lezen weet jij als cli\u00ebnt waar je aan toe bent.&nbsp;Het zwaartepunt ligt op het \u201csamen\u201d beslissen over de behandeling binnen de wettelijke kaders.&nbsp;Met therapeut wordt Indurekha Vader bedoeld, met cli\u00ebnt de persoon die de behandeling ondergaat. De behandeling kan bestaan uit een combinatie of \u00e9\u00e9n van de volgende vormen: voedingsadvies, coachingsgesprekken, lichaamsgerichte oefeningen, Thaise Yoga massage, Touch for Health, Stress Release, andere therapeutische werkvormen die voor het begin van de behandeling worden overlegd. &nbsp;<\/p>\n\n\n\n<p><strong>Artikel 2. Voorwaarden<\/strong><\/p>\n\n\n\n<ul class=\"wp-block-list\">\n<li>De basis van de behandeling is de gelijkwaardigheid tussen de therapeut en de cli\u00ebnt en gebaseerd op zelfverantwoording.<\/li>\n\n\n\n<li>De behandeling is niet geschikt om een diagnose vast te stellen of een medische diagnose te vervangen.<\/li>\n\n\n\n<li>De behandeling kan nooit in de plaats van de reguliere medische zorg staan.<\/li>\n\n\n\n<li>De therapeut adviseert nooit met medicijnen te stoppen of deze door andere substanties te vervangen.<\/li>\n\n\n\n<li>De therapeut kan om het proces te steunen, bloesemremedies, supplementen, kruiden, voeding, beweging of oefeningen adviseren. Echter het is de vrije beslissing van de cli\u00ebnt om een voorstel van de therapeut op te volgen.<\/li>\n\n\n\n<li>De therapeut kan niet aansprakelijk gesteld worden voor het resultaat van de behandeling, slechts voor de handelingen die hij tijdens de sessie verricht en of hij volgens behandelovereenkomst werkt.<\/li>\n\n\n\n<li>Massages hebben geen seksuele of erotische intenties. Cli\u00ebnten die toch seksueel getinte opmerkingen maken en\/of seksuele handelingen\/gedragingen uiten worden per direct uit de praktijk gezet en zijn ook niet meer welkom.<\/li>\n<\/ul>\n\n\n\n<p><strong>Artikel 3. Vertrouwelijkheid van de consulten\/therapie<\/strong><\/p>\n\n\n\n<ul class=\"wp-block-list\">\n<li>De therapeut is gehouden te handelen conform de wettelijke regelgeving. De rechten en plichten van cli\u00ebnt en hulpverlener zijn onder meer vastgelegd in de Wet op de Geneeskundige Behandelingsovereenkomst (WGBO) en de Wet kwaliteit, klachten en geschillen zorg (Wkkgz).<\/li>\n\n\n\n<li>De therapeut houdt zich aan zijn geheimhoudingsplicht. Gegevens worden alleen met diens uitdrukkelijke goedkeuring aan derden (artsen en andere kinesiologen) overhandigd of medegedeeld.<\/li>\n<\/ul>\n\n\n\n<p><strong>Artikel 4. Toepasselijkheid<\/strong><\/p>\n\n\n\n<ol start=\"1\" class=\"wp-block-list\">\n<li>Op alle overeenkomsten tussen de therapeut enerzijds en de cli\u00ebnt anderzijds zijn onder uitdrukkelijke uitsluiting van andere Algemene Voorwaarden uitsluitend deze Algemene Voorwaarden van toepassing.<\/li>\n\n\n\n<li>Acceptatie van een (prijs)afspraak c.q. het op andere wijze tot stand komen en\/of voortzetten van een overeenkomst houdt in dat de cli\u00ebnt de toepassing van de Algemene Voorwaarden heeft aanvaard en afstand doet van de toepasselijkheid van eventuele algemene voorwaarden van de cli\u00ebnt.<\/li>\n\n\n\n<li>Afwijkingen van deze Algemene Voorwaarden zullen slechts van kracht zijn indien deze schriftelijk door de behandelaar zijn bevestigd. In dit geval blijven de overige bepalingen onverkort van kracht.<\/li>\n<\/ol>\n\n\n\n<p><strong>Artikel 5. Totstandkoming en wijziging overeenkomst<\/strong><\/p>\n\n\n\n<ol start=\"1\" class=\"wp-block-list\">\n<li>Een overeenkomst tussen de therapeut en de cli\u00ebnt komt tot stand door een schriftelijke acceptatie van de (prijs)afspraak door de cli\u00ebnt of een mondelinge bevestiging hiervan.<\/li>\n\n\n\n<li>Indien een acceptatie van een prijsopgave voorbehouden en\/of wijzigingen van de zijde van de cli\u00ebnt inhoudt, komt de overeenkomst pas tot stand nadat de therapeut schriftelijk heeft ingestemd met deze voorbehouden en\/of wijzigingen.<\/li>\n\n\n\n<li>Wijzigingen van dan wel aanvullingen op de overeenkomst komen slechts tot stand nadat beide partijen deze mondeling of schriftelijk hebben bevestigd.<\/li>\n<\/ol>\n\n\n\n<p><strong>Artikel 6. Duur overeenkomst en ontbinding<\/strong><\/p>\n\n\n\n<ol start=\"1\" class=\"wp-block-list\">\n<li>Tenzij in de overeenkomst anders is bepaald, wordt deze aangegaan voor de duur van \u00e9\u00e9n behandeling. Na afloop van een behandeling kan de overeenkomst in overleg tussen beide partijen worden verlengd.<\/li>\n\n\n\n<li>Ieder der partijen is, onverminderd het recht op vergoeding van kosten, schade en rente, gerechtigd de overeenkomst zonder rechterlijke tussenkomst met onmiddellijke ingang bij aangetekende brief te ontbinden indien:<br>o De wederpartij \u00e9\u00e9n of meer van haar verplichtingen niet is nagekomen en nalatig is aan haar verplichtingen te voldoen binnen een aan haar bij aangetekende brief voor nakoming gestelde termijn, tenzij de tekortkoming(en) van dusdanige aard of geringe betekenis is (zijn) dat deze in redelijkheid geen ontbinding rechtvaardigen.<br>o Voor de wederpartij faillissement of surseance van betaling wordt aangevraagd of verleend, dan wel maatregelen worden getroffen die duiden op be\u00ebindiging of staking van de onderneming.<\/li>\n<\/ol>\n\n\n\n<p><strong>Artikel 7. Annulering<\/strong><\/p>\n\n\n\n<ol start=\"1\" class=\"wp-block-list\">\n<li>Annulering van een afspraak dient uiterlijk 24 uur v\u00f3\u00f3r het afgesproken tijdstip te geschieden.<\/li>\n\n\n\n<li>Voor annulering van behandelingen gelden de volgende annuleringsvoorwaarden:<br>Bij annulering tot 24 uur voor aanvang van een behandeling is de cli\u00ebnt geen kosten verschuldigd.<br>Bij annulering binnen 24 uur voor aanvang of niet verschijnen van een behandeling wordt er \u20ac35,- in rekening gebracht voor de gereserveerde tijd. In ieder geval wordt bij annulering met de therapeut telefonisch contact gelegd.<\/li>\n\n\n\n<li>De therapeut is in redelijkheid gerechtigd een reeds geplande afspraak te wijzigen voor wat betreft de datum en het tijdstip. De therapeut zal dit naar vermogen uiterlijk 48 uur v\u00f3\u00f3r het afgesproken tijdstip aan cli\u00ebnt kenbaar maken. Cli\u00ebnt heeft te allen tijde het recht de afspraak bij een wijziging door de therapeut te annuleren zonder dat cli\u00ebnt hiervoor kosten aan de therapeut verschuldigd is.<\/li>\n<\/ol>\n\n\n\n<p><strong>Artikel 8. Geheimhouding en inzagerecht<\/strong><\/p>\n\n\n\n<ol start=\"1\" class=\"wp-block-list\">\n<li>De therapeut zal alle informatie betreffende de cli\u00ebnt die zij verkrijgt bij de uitvoering van haar diensten vertrouwelijk behandelen en deze informatie niet aan derden ter hand stellen, behoudens voor zover behandelaar daartoe wettelijk verplicht is of aan de behandelaar hiervoor van de cli\u00ebnt schriftelijke toestemming heeft verkregen.<\/li>\n\n\n\n<li>De therapeut zal een geheimhoudingsplicht, zoals beschreven in lid 1, opleggen aan eventueel ingeschakelde derden.<\/li>\n<\/ol>\n\n\n\n<p><strong>Artikel 9. Tarieven<\/strong><\/p>\n\n\n\n<ol start=\"1\" class=\"wp-block-list\">\n<li>De tarieven voor behandelingen zijn gebaseerd op de meest recente tarievenlijst en\/of worden vermeld bij het afsluiten van de overeenkomst.<\/li>\n\n\n\n<li>In 2025 is een sessie \u20ac70,- voor anderhalf uur.<\/li>\n<\/ol>\n\n\n\n<p><strong>Artikel 10. Betaling en facturering<\/strong><\/p>\n\n\n\n<ol start=\"1\" class=\"wp-block-list\">\n<li>Een behandeling dient direct na de voltooiing hiervan contant, per pin of&nbsp; per bankoverschrijving te worden voldaan. Op verzoek van de cli\u00ebnt kan een factuur worden verstrekt.<\/li>\n\n\n\n<li>Ingeval een behandeling wordt geannuleerd en hiervoor kosten zijn verschuldigd, zoals aangegeven in Artikel 5., zal cli\u00ebnt hiervoor van de therapeut &nbsp;een factuur ontvangen.<\/li>\n\n\n\n<li>Tenzij mondeling of schriftelijk anders overeengekomen, dient de cli\u00ebnt de factuur binnen 14 dagen na factuurdatum zonder enig beroep op verrekening aan de therapeut te betalen.<\/li>\n<\/ol>\n\n\n\n<p><strong>Artikel 11. Aansprakelijkheid<\/strong><\/p>\n\n\n\n<ol start=\"1\" class=\"wp-block-list\">\n<li>Bij de uitvoering van de behandeling door de therapeut is sprake van een inspanningsverplichting.<\/li>\n\n\n\n<li>De therapeut geeft op geen enkele wijze een geneeskundige garantie af noch is zij op enige wijze aansprakelijk voor medische complicaties, die zich tijdens dan wel na uitvoering van haar behandeling(en) bij de cli\u00ebnt, voordoen welke niet te wijten zijn aan een zwaarwegende toerekenbare tekortkoming van de behandelaar. De behandelaar is op geen enkele wijze aansprakelijk voor gevolgschade.<\/li>\n\n\n\n<li>Bij twijfel of er gemasseerd mag worden, kan door de therapeut eenzijdig afgezien worden van de massage. Koorts en griep zijn contra-indicaties en in deze situaties is het niet verantwoordelijk om gemasseerd te worden. Dit geldt ook bij besmettelijke huidziekten en steenpuisten.<\/li>\n\n\n\n<li>Is de cli\u00ebnt onder behandeling van een arts\/therapeut of specialist dan is het verstandig om vooraf te informeren of je gemasseerd mag worden (bv bij Diabetes, hoge bloeddruk, zwangerschap). Dit geldt tevens bij voorgeschreven medicijngebruik.<\/li>\n\n\n\n<li>De therapeut is niet aansprakelijk voor zover schade voortvloeit uit het feit dat de cli\u00ebnt door de behandelaar mondelinge of schriftelijke adviezen niet naar behoren heeft opgevolgd of doordat cli\u00ebnt de therapeut niet volledig heeft ge\u00efnformeerd over diens aandoeningen.<\/li>\n\n\n\n<li>De aansprakelijkheid van de therapeut voor schade voortvloeiend uit de door hem\/haar verrichte diensten is beperkt tot maximaal de kosten van een behandeling.<\/li>\n\n\n\n<li>In alle gevallen is iedere aansprakelijkheid van de therapeut beperkt tot het bedrag dat in rekening is gebracht aan de cli\u00ebnt.<\/li>\n\n\n\n<li>De cli\u00ebnt is verplicht alle maatregelen te treffen die nodig zijn ter beperking van de schade waarvoor hij\/zij de therapeut aansprakelijk wil stellen.<\/li>\n\n\n\n<li>De therapeut is op geen enkele wijze aansprakelijk voor de kwaliteit en samenstelling van de door haar geadviseerde supplementen. De leverancier van deze supplementen, is hiervoor verantwoordelijk en aanspreekbaar. De therapeut zal, zover het in zijn\/haar vermogen ligt, meewerken aan de juiste afhandeling van een klacht over de geadviseerde supplementen.<\/li>\n\n\n\n<li>Hoewel de therapeut gedegen opleiding heeft gevolgd is zij geen arts. Ga bij medische klachten altijd eerst naar u huisarts\/specialist.<\/li>\n\n\n\n<li>Pas nooit de medicatie van huisarts of specialist aan zonder overleg met deze arts.<\/li>\n<\/ol>\n\n\n\n<p><strong>Artikel 12. Klachten en geschillen<\/strong><\/p>\n\n\n\n<ol start=\"1\" class=\"wp-block-list\">\n<li>In de Wet kwaliteit, klachten, geschillen, zorg (Wkkgz) is beschreven hoe klachten en geschillen tussen zorgverlener en cli\u00ebnt geregeld moeten zijn.<\/li>\n\n\n\n<li>Uiteraard probeer ik een klacht samen met de cli\u00ebnt op te lossen.<\/li>\n\n\n\n<li>Komen we er samen niet uit en vinden we geen gezamenlijke oplossing?<\/li>\n\n\n\n<li>Dan kan de cli\u00ebnt een klachtenfunctionaris via de <a href=\"https:\/\/nibig-geschillencommissie.nl\/klacht\/\" target=\"_blank\" rel=\"noreferrer noopener\">NIBIG<\/a> inschakelen.<\/li>\n\n\n\n<li>Kan de klachtenfunctionaris ook niet helpen bij een geschikte oplossing?<\/li>\n\n\n\n<li>Door mijn registratie bij de NIBIG hebben mijn cli\u00ebnten en ik de beschikking over een professionele en deskundige geschillencommissie die erkend is door het ministerie van VWS.<\/li>\n<\/ol>\n","protected":false},"excerpt":{"rendered":"<p>Algemene Voorwaarden praktijk Voed je Vuur Artikel 1. Definities Om alles zo goed, veilig en professioneel mogelijk te laten verlopen hanteren we een aantal algemene voorwaarden. De volgende tekst is behoorlijk formeel maar nodig om mijn positie als therapeut veilig te stellen. Na het lezen weet jij als cli\u00ebnt waar je aan toe bent.&nbsp;Het zwaartepunt [&hellip;]<\/p>\n","protected":false},"author":1,"featured_media":0,"parent":0,"menu_order":0,"comment_status":"closed","ping_status":"closed","template":"","meta":{"site-sidebar-layout":"default","site-content-layout":"","ast-site-content-layout":"","site-content-style":"default","site-sidebar-style":"default","ast-global-header-display":"","ast-banner-title-visibility":"","ast-main-header-display":"","ast-hfb-above-header-display":"","ast-hfb-below-header-display":"","ast-hfb-mobile-header-display":"","site-post-title":"","ast-breadcrumbs-content":"","ast-featured-img":"","footer-sml-layout":"","theme-transparent-header-meta":"","adv-header-id-meta":"","stick-header-meta":"","header-above-stick-meta":"","header-main-stick-meta":"","header-below-stick-meta":"","astra-migrate-meta-layouts":"default","ast-page-background-enabled":"default","ast-page-background-meta":{"desktop":{"background-color":"var(--ast-global-color-5)","background-image":"","background-repeat":"repeat","background-position":"center center","background-size":"auto","background-attachment":"scroll","background-type":"","background-media":"","overlay-type":"","overlay-color":"","overlay-opacity":"","overlay-gradient":""},"tablet":{"background-color":"","background-image":"","background-repeat":"repeat","background-position":"center center","background-size":"auto","background-attachment":"scroll","background-type":"","background-media":"","overlay-type":"","overlay-color":"","overlay-opacity":"","overlay-gradient":""},"mobile":{"background-color":"","background-image":"","background-repeat":"repeat","background-position":"center center","background-size":"auto","background-attachment":"scroll","background-type":"","background-media":"","overlay-type":"","overlay-color":"","overlay-opacity":"","overlay-gradient":""}},"ast-content-background-meta":{"desktop":{"background-color":"var(--ast-global-color-4)","background-image":"","background-repeat":"repeat","background-position":"center center","background-size":"auto","background-attachment":"scroll","background-type":"","background-media":"","overlay-type":"","overlay-color":"","overlay-opacity":"","overlay-gradient":""},"tablet":{"background-color":"var(--ast-global-color-4)","background-image":"","background-repeat":"repeat","background-position":"center center","background-size":"auto","background-attachment":"scroll","background-type":"","background-media":"","overlay-type":"","overlay-color":"","overlay-opacity":"","overlay-gradient":""},"mobile":{"background-color":"var(--ast-global-color-4)","background-image":"","background-repeat":"repeat","background-position":"center center","background-size":"auto","background-attachment":"scroll","background-type":"","background-media":"","overlay-type":"","overlay-color":"","overlay-opacity":"","overlay-gradient":""}},"_themeisle_gutenberg_block_has_review":false,"footnotes":""},"class_list":["post-170","page","type-page","status-publish","hentry"],"_links":{"self":[{"href":"https:\/\/www.voedjevuur.nl\/index.php\/wp-json\/wp\/v2\/pages\/170","targetHints":{"allow":["GET"]}}],"collection":[{"href":"https:\/\/www.voedjevuur.nl\/index.php\/wp-json\/wp\/v2\/pages"}],"about":[{"href":"https:\/\/www.voedjevuur.nl\/index.php\/wp-json\/wp\/v2\/types\/page"}],"author":[{"embeddable":true,"href":"https:\/\/www.voedjevuur.nl\/index.php\/wp-json\/wp\/v2\/users\/1"}],"replies":[{"embeddable":true,"href":"https:\/\/www.voedjevuur.nl\/index.php\/wp-json\/wp\/v2\/comments?post=170"}],"version-history":[{"count":2,"href":"https:\/\/www.voedjevuur.nl\/index.php\/wp-json\/wp\/v2\/pages\/170\/revisions"}],"predecessor-version":[{"id":281,"href":"https:\/\/www.voedjevuur.nl\/index.php\/wp-json\/wp\/v2\/pages\/170\/revisions\/281"}],"wp:attachment":[{"href":"https:\/\/www.voedjevuur.nl\/index.php\/wp-json\/wp\/v2\/media?parent=170"}],"curies":[{"name":"wp","href":"https:\/\/api.w.org\/{rel}","templated":true}]}}